{"id":3402,"date":"2026-03-30T20:17:40","date_gmt":"2026-03-30T20:17:40","guid":{"rendered":"https:\/\/ruthmann.de\/a-propos-de-nous\/"},"modified":"2026-04-29T07:08:06","modified_gmt":"2026-04-29T07:08:06","slug":"a-propos-de-nous","status":"publish","type":"page","link":"https:\/\/ruthmann.de\/fr\/a-propos-de-nous\/","title":{"rendered":"\u00c0 propos de nous"},"content":{"rendered":"\n<h1 class=\"wp-block-heading\"><strong>RUTHMANN<\/strong> &#8211; comp\u00e9tent et fiable<\/h1>\n\n<h2 class=\"wp-block-heading\">Notre id\u00e9e directrice<\/h2>\n\n<p>Nous, <strong>RUTHMANN<\/strong> Holdings GmbH, sommes une entreprise moderne et innovante qui op\u00e8re avec succ\u00e8s en tant que fabricant de nacelles \u00e9l\u00e9vatrices au niveau national et international. Nos produits sont des plates-formes de travail sur camion et sur chenilles, connues dans le monde entier sous les marques <a href=\"https:\/\/www.ruthmann.de\/arbeitsbuehnen\/lkw\/steiger\">STEIGER\u00ae<\/a> et <a href=\"https:\/\/www.ruthmann.de\/arbeitsbuehnen\/ketten\/bluelift\">BLUELIFT<\/a>. Nous distribuons \u00e9galement en exclusivit\u00e9 en Allemagne, en Autriche, en Italie et en Suisse <a href=\"https:\/\/www.ruthmann.de\/arbeitsbuehnen\/lkw\/versalift\">les nacelles VERSALIFT<\/a> et <a href=\"https:\/\/www.ruthmann.de\/arbeitsbuehnen\/lkw\/france-elevateur\">France El\u00e9vateur<\/a> de nos soci\u00e9t\u00e9s s\u0153urs qui, tout comme nous, font partie de TIME Manufacturing Company.  <\/p>\n\n<p>Une r\u00e9flexion et une action syst\u00e9matiques et orient\u00e9es vers le client, des d\u00e9cennies d&rsquo;exp\u00e9rience pr\u00e9cieuse et un vaste savoir-faire personnel et technique font de nous une entreprise performante et fiable.<\/p>\n\n<p>Il en r\u00e9sulte une qualit\u00e9 et une technologie exceptionnelles, une satisfaction maximale des clients et un d\u00e9veloppement dynamique de l&rsquo;entreprise. Nous offrons un service global pour nos produits. <\/p>\n\n<p>Dans le cadre de la <a href=\"http:\/\/de.wikipedia.org\/wiki\/Supply_Chain_Management\">gestion de la cha\u00eene d&rsquo;approvisionnement<\/a>, qui organise le suivi des produits depuis le d\u00e9veloppement jusqu&rsquo;au service apr\u00e8s-vente en passant par la production et la distribution, nos produits et services offrent des solutions \u00e9conomiques aux probl\u00e8mes, des normes de s\u00e9curit\u00e9 \u00e9lev\u00e9es ainsi qu&rsquo;une qualit\u00e9 maximale.<\/p>\n\n<p>Sous la direction d&rsquo;un management hautement qualifi\u00e9, nous avons \u00e9tabli le nom <strong>RUTHMANN<\/strong> comme leader national et international dans les segments des nacelles \u00e9l\u00e9vatrices sur camion et des nacelles \u00e9l\u00e9vatrices sur chenilles.<\/p>\n\n<figure class=\"wp-block-image\"><img decoding=\"async\" src=\"https:\/\/www.ruthmann.de\/sites\/default\/files\/styles\/content\/public\/2016-11\/leitidee_alt.jpg?itok=McXFNStZ\" alt=\"leitidee_alt\"\/><\/figure>\n\n<figure class=\"wp-block-image\"><a class=\"download\" href=\"https:\/\/www.ruthmann.de\/sites\/default\/files\/2021-12\/AA_RUTHMANN-T700HF-0918.jpg\" target=\"_blank\" rel=\"noreferrer noopener\"><img decoding=\"async\" src=\"https:\/\/www.ruthmann.de\/sites\/default\/files\/styles\/content\/public\/2021-12\/AA_RUTHMANN-T700HF-0918.jpg?itok=RnVA0_PN\" alt=\"T 700 HF\"\/><\/a><\/figure>\n\n<h2 class=\"wp-block-heading\">Aper\u00e7u des donn\u00e9es de l&rsquo;entreprise RUTHMANN :<\/h2>\n\n<h3 class=\"wp-block-heading\">Gestion d&rsquo;entreprise<\/h3>\n\n<p>Directeur g\u00e9n\u00e9ral : Roman Rariy, Rafael Perrone Bezerra de Menezes, Gerd Roedelbronn<\/p>\n\n<h3 class=\"wp-block-heading\">Si\u00e8ge<\/h3>\n\n<p><strong>Allemagne : RUTHMANN <\/strong>Holdings GmbH, Ruthmannstra\u00dfe 4, 48712 Gescher-Hochmoor<\/p>\n\n<h3 class=\"wp-block-heading\">Filiales<\/h3>\n\n<p><strong>RUTHMANN<\/strong> Austria GmbH, Gewerbeparkstr. 3, 8143 Dobl bei Graz<br\/>Autriche <\/p>\n\n<p><strong>RUTHMANN <\/strong>Italia S.r.l., Via Santa Maria del piano di Sotto 91\/B, 47854 Montescudo (RN)<br\/>Italie<\/p>\n\n<p><strong>RUTHMANN<\/strong> Schweiz AG, Steinackerstrasse 57, 8302 Kloten<br\/>Suisse<\/p>\n\n<h3 class=\"wp-block-heading\">Stations de service &amp; <strong>points de service (= camions-ateliers mobiles, positionn\u00e9s au niveau r\u00e9gional)<\/strong><\/h3>\n\n<p>11 points de service en Allemagne, Autriche, Italie et Suisse :<\/p>\n\n<p><strong>Allemagne :<\/strong> 48712 Gescher-Hochmoor (M\u00fcnster), 21217 Seevetal-Meckelfeld (Hambourg), 64521 Gro\u00df-Gerau (Francfort), 14822 Borkheide (Berlin), 04179 Leipzig, 71272 Renningen (Stuttgart), 85290 Geisenfeld-Ilmendorf (Munich)<\/p>\n\n<p><strong>Autriche :<\/strong> 8143 Dobl (Graz), 2355 Wiener Neudorf (pr\u00e8s de Vienne)<\/p>\n\n<p><strong>Italie : <\/strong>47854 Montescudo (RN)<\/p>\n\n<p><strong>Suisse :<\/strong> 8302 Kloten<\/p>\n\n<h3 class=\"wp-block-heading\">Nombre d&#8217;employ\u00e9s<\/h3>\n\n<p>&gt; 600 employ\u00e9s<\/p>\n\n<h3 class=\"wp-block-heading\">Produits<\/h3>\n\n<p><strong>STEIGER\u00ae<\/strong> (nacelles sur camion de 17 m \u00e0 90 m)<\/p>\n\n<p><strong>Nacelles \u00e9l\u00e9vatrices VERSALIFT\u00ae<\/strong>(fabricant VERSALIFT, a TIME Manufacturing Company)<\/p>\n\n<p><strong>France El\u00e9vateur<\/strong> Plates-formes de travail (fabricant France El\u00e9vateur, a TIME Manufacturing Company)<\/p>\n\n<p>Nacelles \u00e9l\u00e9vatrices sur camion <strong>ECOLINE <\/strong>(fabricant <strong>RUTHMANN <\/strong>Italia)<\/p>\n\n<p>Nacelles \u00e9l\u00e9vatrices sur chenilles <strong>BLUELIFT <\/strong>(fabricant <strong>RUTHMANN <\/strong>Italia)<\/p>\n\n<h3 class=\"wp-block-heading\">Chiffre d&rsquo;affaires<\/h3>\n\n<p>&gt; 170 millions d&rsquo;euros \/ an  <\/p>\n","protected":false},"excerpt":{"rendered":"<p>RUTHMANN &#8211; comp\u00e9tent et fiable Notre id\u00e9e directrice Nous, RUTHMANN Holdings GmbH, sommes une entreprise moderne et innovante qui op\u00e8re avec succ\u00e8s en tant que fabricant de nacelles \u00e9l\u00e9vatrices au niveau national et international. Nos produits sont des plates-formes de travail sur camion et sur chenilles, connues dans le monde entier sous les marques STEIGER\u00ae [&hellip;]<\/p>\n","protected":false},"author":2,"featured_media":0,"parent":0,"menu_order":0,"comment_status":"closed","ping_status":"closed","template":"","meta":{"_acf_changed":false,"footnotes":""},"class_list":["post-3402","page","type-page","status-publish","hentry"],"acf":[],"_links":{"self":[{"href":"https:\/\/ruthmann.de\/fr\/wp-json\/wp\/v2\/pages\/3402","targetHints":{"allow":["GET"]}}],"collection":[{"href":"https:\/\/ruthmann.de\/fr\/wp-json\/wp\/v2\/pages"}],"about":[{"href":"https:\/\/ruthmann.de\/fr\/wp-json\/wp\/v2\/types\/page"}],"author":[{"embeddable":true,"href":"https:\/\/ruthmann.de\/fr\/wp-json\/wp\/v2\/users\/2"}],"replies":[{"embeddable":true,"href":"https:\/\/ruthmann.de\/fr\/wp-json\/wp\/v2\/comments?post=3402"}],"version-history":[{"count":2,"href":"https:\/\/ruthmann.de\/fr\/wp-json\/wp\/v2\/pages\/3402\/revisions"}],"predecessor-version":[{"id":3404,"href":"https:\/\/ruthmann.de\/fr\/wp-json\/wp\/v2\/pages\/3402\/revisions\/3404"}],"wp:attachment":[{"href":"https:\/\/ruthmann.de\/fr\/wp-json\/wp\/v2\/media?parent=3402"}],"curies":[{"name":"wp","href":"https:\/\/api.w.org\/{rel}","templated":true}]}}