{"id":3410,"date":"2026-03-25T10:30:53","date_gmt":"2026-03-25T10:30:53","guid":{"rendered":"https:\/\/ruthmann.de\/mentions-legales\/"},"modified":"2026-04-29T07:08:16","modified_gmt":"2026-04-29T07:08:16","slug":"mentions-legales","status":"publish","type":"page","link":"https:\/\/ruthmann.de\/fr\/mentions-legales\/","title":{"rendered":"Mentions l\u00e9gales"},"content":{"rendered":"\n<h2 class=\"wp-block-heading\"><strong>Ruthmann Holdings GmbH<\/strong><\/h2>\n\n<p>4, rue Ruthmann  <\/p>\n\n<p>48712 Gescher-Hochmoor<\/p>\n\n<p>Tribunal d&rsquo;instance de Coesfeld HRB 19482<br\/>G\u00e9rants : Roman Rariy, Rafael Perrone Bezerra de Menezes, Gerd Roedelbronn<\/p>\n\n<p><strong>Contact<\/strong><br\/>T\u00e9l\u00e9phone : +49 2863 204-0<br\/>E-mail : <a href=\"mailto:info@ruthmann.de\">info@ruthmann.de<\/a><\/p>\n\n<p><strong>Inscription au registre<\/strong><br\/>Inscription au registre du commerce. <br\/>Tribunal d&rsquo;enregistrement : Tribunal d&rsquo;instance de Coesfeld <br\/>Num\u00e9ro d&rsquo;enregistrement : HRB 19482<\/p>\n\n<p><strong>Num\u00e9ro d&rsquo;identification de la taxe sur le chiffre d&rsquo;affaires<\/strong><br\/>Num\u00e9ro d&rsquo;identification de la taxe sur le chiffre d&rsquo;affaires conform\u00e9ment au \u00a727 a de la loi sur la taxe sur le chiffre d&rsquo;affaires :<br\/>DE815898933<\/p>\n\n<h3 class=\"wp-block-heading\"><strong>Autorit\u00e9 de contr\u00f4le<\/strong><\/h3>\n\n<p>IHK Nord Westfalen<br\/>Num\u00e9ro d&rsquo;entreprise : 10065693672<\/p>\n\n<p><strong>Mention des sources des images et graphiques utilis\u00e9s<\/strong><br\/><a href=\"http:\/\/www.versalift.dk\/\">www.versalift.dk<\/a><br\/><a href=\"http:\/\/www.coemarketing.de\/\">www.coemarketing.de<\/a><\/p>\n\n<p>Source<br\/><em><a href=\"http:\/\/www.e-recht24.de\/impressum-generator.html\">http:\/\/www.e-recht24.de<\/a><\/em><\/p>\n\n<h2 class=\"wp-block-heading\">Clause de non-responsabilit\u00e9 (Disclaimer)<\/h2>\n\n<h3 class=\"wp-block-heading\"><strong>Responsabilit\u00e9 du contenu<\/strong><\/h3>\n\n<p>En tant que prestataire de services, nous sommes responsables, conform\u00e9ment au \u00a7 7 alin\u00e9a 1 de la loi allemande sur les t\u00e9l\u00e9m\u00e9dias (TMG), de nos propres contenus sur ces pages selon les lois g\u00e9n\u00e9rales. Conform\u00e9ment aux \u00a7\u00a7 8 \u00e0 10 de la TMG, nous ne sommes toutefois pas tenus, en tant que prestataire de services, de surveiller les informations externes transmises ou enregistr\u00e9es ou de rechercher les circonstances qui indiquent une activit\u00e9 ill\u00e9gale. L&rsquo;obligation de supprimer ou de bloquer l&rsquo;utilisation d&rsquo;informations conform\u00e9ment aux lois g\u00e9n\u00e9rales reste inchang\u00e9e. Une responsabilit\u00e9 \u00e0 cet \u00e9gard n&rsquo;est toutefois possible qu&rsquo;\u00e0 partir du moment o\u00f9 une violation concr\u00e8te de la loi est connue. D\u00e8s la prise de connaissance d&rsquo;une telle violation, nous supprimerons imm\u00e9diatement le contenu en question.     <\/p>\n\n<h3 class=\"wp-block-heading\"><strong>Responsabilit\u00e9 des liens<\/strong><\/h3>\n\n<p>Notre offre contient des liens vers des sites web externes de tiers, sur lesquels nous n&rsquo;avons aucune influence. Nous ne pouvons donc pas nous porter garants de ces contenus externes. Le fournisseur ou l&rsquo;exploitant des pages li\u00e9es est toujours responsable du contenu de ces pages. Les pages li\u00e9es ont \u00e9t\u00e9 v\u00e9rifi\u00e9es au moment de la cr\u00e9ation du lien afin de s&rsquo;assurer qu&rsquo;elles n&rsquo;enfreignaient pas la loi. Aucun contenu ill\u00e9gal n&rsquo;a \u00e9t\u00e9 identifi\u00e9 au moment de la cr\u00e9ation du lien. Un contr\u00f4le permanent du contenu des pages li\u00e9es n&rsquo;est cependant pas exigible sans indices concrets d&rsquo;une violation de la loi. Si nous prenons connaissance d&rsquo;une violation de la loi, nous supprimerons imm\u00e9diatement les liens concern\u00e9s.      <\/p>\n\n<h3 class=\"wp-block-heading\"><strong>Droit d&rsquo;auteur<\/strong><\/h3>\n\n<p>Les contenus et \u0153uvres cr\u00e9\u00e9s par les exploitants de ces pages sont soumis au droit d&rsquo;auteur allemand. La reproduction, le traitement, la diffusion et tout type d&rsquo;exploitation en dehors des limites du droit d&rsquo;auteur requi\u00e8rent l&rsquo;accord \u00e9crit de l&rsquo;auteur ou du cr\u00e9ateur concern\u00e9. Les t\u00e9l\u00e9chargements et les copies de ce site ne sont autoris\u00e9s que pour un usage priv\u00e9 et non commercial. Dans la mesure o\u00f9 les contenus de ce site n&rsquo;ont pas \u00e9t\u00e9 cr\u00e9\u00e9s par l&rsquo;exploitant, les droits d&rsquo;auteur de tiers sont respect\u00e9s. En particulier, les contenus de tiers sont identifi\u00e9s comme tels. Si vous deviez n\u00e9anmoins constater une violation des droits d&rsquo;auteur, nous vous prions de nous en informer. D\u00e8s que nous aurons connaissance d&rsquo;une violation de la loi, nous supprimerons imm\u00e9diatement le contenu en question.      <\/p>\n\n<p><em>R\u00e9f\u00e9rence de la source : <a href=\"http:\/\/www.e-recht24.de\/muster-disclaimer.html\" rel=\"noreferrer noopener\" target=\"_blank\">Disclaimer<\/a> de eRecht24, le portail du droit Internet de l&rsquo;avocat S\u00f6ren Siebert, <a href=\"http:\/\/www.e-recht24.de\/muster-disclaimer.html\" rel=\"noreferrer noopener\" target=\"_blank\">Disclaimer eRecht24<\/a><\/em><\/p>\n\n<p><a href=\"https:\/\/ruthmann.de\/datenschutzerklaerung\/\" data-type=\"page\" data-id=\"2191\">D\u00e9claration de confidentialit\u00e9<\/a><\/p>\n\n<p><\/p>\n","protected":false},"excerpt":{"rendered":"<p>Ruthmann Holdings GmbH 4, rue Ruthmann 48712 Gescher-Hochmoor Tribunal d&rsquo;instance de Coesfeld HRB 19482G\u00e9rants : Roman Rariy, Rafael Perrone Bezerra de Menezes, Gerd Roedelbronn ContactT\u00e9l\u00e9phone : +49 2863 204-0E-mail : info@ruthmann.de Inscription au registreInscription au registre du commerce. Tribunal d&rsquo;enregistrement : Tribunal d&rsquo;instance de Coesfeld Num\u00e9ro d&rsquo;enregistrement : HRB 19482 Num\u00e9ro d&rsquo;identification de la taxe [&hellip;]<\/p>\n","protected":false},"author":2,"featured_media":0,"parent":0,"menu_order":0,"comment_status":"closed","ping_status":"closed","template":"","meta":{"_acf_changed":false,"footnotes":""},"class_list":["post-3410","page","type-page","status-publish","hentry"],"acf":[],"_links":{"self":[{"href":"https:\/\/ruthmann.de\/fr\/wp-json\/wp\/v2\/pages\/3410","targetHints":{"allow":["GET"]}}],"collection":[{"href":"https:\/\/ruthmann.de\/fr\/wp-json\/wp\/v2\/pages"}],"about":[{"href":"https:\/\/ruthmann.de\/fr\/wp-json\/wp\/v2\/types\/page"}],"author":[{"embeddable":true,"href":"https:\/\/ruthmann.de\/fr\/wp-json\/wp\/v2\/users\/2"}],"replies":[{"embeddable":true,"href":"https:\/\/ruthmann.de\/fr\/wp-json\/wp\/v2\/comments?post=3410"}],"version-history":[{"count":2,"href":"https:\/\/ruthmann.de\/fr\/wp-json\/wp\/v2\/pages\/3410\/revisions"}],"predecessor-version":[{"id":3412,"href":"https:\/\/ruthmann.de\/fr\/wp-json\/wp\/v2\/pages\/3410\/revisions\/3412"}],"wp:attachment":[{"href":"https:\/\/ruthmann.de\/fr\/wp-json\/wp\/v2\/media?parent=3410"}],"curies":[{"name":"wp","href":"https:\/\/api.w.org\/{rel}","templated":true}]}}