{"id":3486,"date":"2026-03-25T17:12:35","date_gmt":"2026-03-25T17:12:35","guid":{"rendered":"https:\/\/ruthmann.de\/certificats\/"},"modified":"2026-04-29T07:08:31","modified_gmt":"2026-04-29T07:08:31","slug":"certificats","status":"publish","type":"page","link":"https:\/\/ruthmann.de\/fr\/certificats\/","title":{"rendered":"Certificats"},"content":{"rendered":"\t\t<div data-elementor-type=\"wp-page\" data-elementor-id=\"3486\" class=\"elementor elementor-3486 elementor-2468\" wpc-filter-elementor-widget=\"1\" data-elementor-post-type=\"page\">\n\t\t\t\t<div class=\"elementor-element elementor-element-74937b7 e-flex e-con-boxed e-con e-parent\" data-id=\"74937b7\" data-element_type=\"container\" data-e-type=\"container\" data-settings=\"{&quot;background_background&quot;:&quot;classic&quot;}\">\n\t\t\t\t\t<div class=\"e-con-inner\">\n\t\t\t\t<div class=\"elementor-element elementor-element-9e7d4cf elementor-widget elementor-widget-heading\" data-id=\"9e7d4cf\" data-element_type=\"widget\" data-e-type=\"widget\" data-widget_type=\"heading.default\">\n\t\t\t\t<div class=\"elementor-widget-container\">\n\t\t\t\t\t<h2 class=\"elementor-heading-title elementor-size-default\">Certificats<\/h2>\t\t\t\t<\/div>\n\t\t\t\t<\/div>\n\t\t\t\t\t<\/div>\n\t\t\t\t<\/div>\n\t\t<div class=\"elementor-element elementor-element-d15411b e-flex e-con-boxed e-con e-parent\" data-id=\"d15411b\" data-element_type=\"container\" data-e-type=\"container\">\n\t\t\t\t\t<div class=\"e-con-inner\">\n\t\t<div class=\"elementor-element elementor-element-954c55a e-con-full e-flex e-con e-child\" data-id=\"954c55a\" data-element_type=\"container\" data-e-type=\"container\" data-settings=\"{&quot;background_background&quot;:&quot;classic&quot;}\">\n\t\t\t\t<div class=\"elementor-element elementor-element-e0e30bf elementor-widget elementor-widget-heading\" data-id=\"e0e30bf\" data-element_type=\"widget\" data-e-type=\"widget\" data-widget_type=\"heading.default\">\n\t\t\t\t<div class=\"elementor-widget-container\">\n\t\t\t\t\t<div class=\"elementor-heading-title elementor-size-default\"><a href=\"http:\/\/ruthmann.de\/wp-content\/uploads\/2026\/03\/ISO-45001-SGA-Zertifikat-Ruthmann-Holdings-GmbH_2025.pdf\" target=\"_blank\">Notre syst\u00e8me de gestion de la sant\u00e9 et de la s\u00e9curit\u00e9 au travail est certifi\u00e9 DIN ISO 45001.<\/a><\/div>\t\t\t\t<\/div>\n\t\t\t\t<\/div>\n\t\t\t\t<div class=\"elementor-element elementor-element-ddd952d elementor-widget elementor-widget-button\" data-id=\"ddd952d\" data-element_type=\"widget\" data-e-type=\"widget\" data-widget_type=\"button.default\">\n\t\t\t\t<div class=\"elementor-widget-container\">\n\t\t\t\t\t\t\t\t\t<div class=\"elementor-button-wrapper\">\n\t\t\t\t\t<a class=\"elementor-button elementor-button-link elementor-size-sm\" href=\"http:\/\/ruthmann.de\/wp-content\/uploads\/2026\/03\/ISO-45001-SGA-Zertifikat-Ruthmann-Holdings-GmbH_2025.pdf\" target=\"_blank\">\n\t\t\t\t\t\t<span class=\"elementor-button-content-wrapper\">\n\t\t\t\t\t\t\t\t\t<span class=\"elementor-button-text\">T\u00e9l\u00e9charger<\/span>\n\t\t\t\t\t<\/span>\n\t\t\t\t\t<\/a>\n\t\t\t\t<\/div>\n\t\t\t\t\t\t\t\t<\/div>\n\t\t\t\t<\/div>\n\t\t\t\t<\/div>\n\t\t<div class=\"elementor-element elementor-element-d12ea42 e-con-full e-flex e-con e-child\" data-id=\"d12ea42\" data-element_type=\"container\" data-e-type=\"container\" data-settings=\"{&quot;background_background&quot;:&quot;classic&quot;}\">\n\t\t\t\t<div class=\"elementor-element elementor-element-a538d9e elementor-widget elementor-widget-heading\" data-id=\"a538d9e\" data-element_type=\"widget\" data-e-type=\"widget\" data-widget_type=\"heading.default\">\n\t\t\t\t<div class=\"elementor-widget-container\">\n\t\t\t\t\t<div class=\"elementor-heading-title elementor-size-default\"><a href=\"http:\/\/ruthmann.de\/wp-content\/uploads\/2026\/03\/ISO-9001-QM-Zertifikat-Ruthmann-Holdings-GmbH_2025.pdf\" target=\"_blank\">Notre syst\u00e8me de gestion de la qualit\u00e9 est certifi\u00e9 DIN ISO 9001.<\/a><\/div>\t\t\t\t<\/div>\n\t\t\t\t<\/div>\n\t\t\t\t<div class=\"elementor-element elementor-element-f55c344 elementor-widget elementor-widget-button\" data-id=\"f55c344\" data-element_type=\"widget\" data-e-type=\"widget\" data-widget_type=\"button.default\">\n\t\t\t\t<div class=\"elementor-widget-container\">\n\t\t\t\t\t\t\t\t\t<div class=\"elementor-button-wrapper\">\n\t\t\t\t\t<a class=\"elementor-button elementor-button-link elementor-size-sm\" href=\"http:\/\/ruthmann.de\/wp-content\/uploads\/2026\/03\/ISO-9001-QM-Zertifikat-Ruthmann-Holdings-GmbH_2025.pdf\" target=\"_blank\">\n\t\t\t\t\t\t<span class=\"elementor-button-content-wrapper\">\n\t\t\t\t\t\t\t\t\t<span class=\"elementor-button-text\">T\u00e9l\u00e9charger<\/span>\n\t\t\t\t\t<\/span>\n\t\t\t\t\t<\/a>\n\t\t\t\t<\/div>\n\t\t\t\t\t\t\t\t<\/div>\n\t\t\t\t<\/div>\n\t\t\t\t<\/div>\n\t\t<div class=\"elementor-element elementor-element-f07d4cc e-con-full e-flex e-con e-child\" data-id=\"f07d4cc\" data-element_type=\"container\" data-e-type=\"container\" data-settings=\"{&quot;background_background&quot;:&quot;classic&quot;}\">\n\t\t\t\t<div class=\"elementor-element elementor-element-3e2423b elementor-widget elementor-widget-heading\" data-id=\"3e2423b\" data-element_type=\"widget\" data-e-type=\"widget\" data-widget_type=\"heading.default\">\n\t\t\t\t<div class=\"elementor-widget-container\">\n\t\t\t\t\t<div class=\"elementor-heading-title elementor-size-default\"><a href=\"http:\/\/ruthmann.de\/wp-content\/uploads\/2026\/03\/Mercedes-Benz-VanPartner-Zertifikat-2025-06-.2028-06-DE.pdf\" target=\"_blank\">Nous sommes certifi\u00e9s Mercedes-Benz VanPartner<\/a><\/div>\t\t\t\t<\/div>\n\t\t\t\t<\/div>\n\t\t\t\t<div class=\"elementor-element elementor-element-f20353b elementor-widget elementor-widget-button\" data-id=\"f20353b\" data-element_type=\"widget\" data-e-type=\"widget\" data-widget_type=\"button.default\">\n\t\t\t\t<div class=\"elementor-widget-container\">\n\t\t\t\t\t\t\t\t\t<div class=\"elementor-button-wrapper\">\n\t\t\t\t\t<a class=\"elementor-button elementor-button-link elementor-size-sm\" href=\"http:\/\/ruthmann.de\/wp-content\/uploads\/2026\/03\/Mercedes-Benz-VanPartner-Zertifikat-2025-06-.2028-06-DE.pdf\" target=\"_blank\">\n\t\t\t\t\t\t<span class=\"elementor-button-content-wrapper\">\n\t\t\t\t\t\t\t\t\t<span class=\"elementor-button-text\">T\u00e9l\u00e9charger<\/span>\n\t\t\t\t\t<\/span>\n\t\t\t\t\t<\/a>\n\t\t\t\t<\/div>\n\t\t\t\t\t\t\t\t<\/div>\n\t\t\t\t<\/div>\n\t\t\t\t<\/div>\n\t\t<div class=\"elementor-element elementor-element-ef1b8fb e-con-full e-flex e-con e-child\" data-id=\"ef1b8fb\" data-element_type=\"container\" data-e-type=\"container\" data-settings=\"{&quot;background_background&quot;:&quot;classic&quot;}\">\n\t\t\t\t<div class=\"elementor-element elementor-element-2db1679 elementor-widget elementor-widget-heading\" data-id=\"2db1679\" data-element_type=\"widget\" data-e-type=\"widget\" data-widget_type=\"heading.default\">\n\t\t\t\t<div class=\"elementor-widget-container\">\n\t\t\t\t\t<div class=\"elementor-heading-title elementor-size-default\"><a href=\"http:\/\/ruthmann.de\/wp-content\/uploads\/2026\/03\/ISO-3834-2-Zertifikat_de_Ruthmann_2026-03-.-03-2029-Seite-1.pdf\" target=\"_blank\">Nous sommes une entreprise de soudage certifi\u00e9e selon la norme DIN EN ISO 3834-2.<\/a><\/div>\t\t\t\t<\/div>\n\t\t\t\t<\/div>\n\t\t\t\t<div class=\"elementor-element elementor-element-efd55b5 elementor-widget elementor-widget-button\" data-id=\"efd55b5\" data-element_type=\"widget\" data-e-type=\"widget\" data-widget_type=\"button.default\">\n\t\t\t\t<div class=\"elementor-widget-container\">\n\t\t\t\t\t\t\t\t\t<div class=\"elementor-button-wrapper\">\n\t\t\t\t\t<a class=\"elementor-button elementor-button-link elementor-size-sm\" href=\"http:\/\/ruthmann.de\/wp-content\/uploads\/2026\/03\/ISO-3834-2-Zertifikat_de_Ruthmann_2026-03-.-03-2029-Seite-1.pdf\" target=\"_blank\">\n\t\t\t\t\t\t<span class=\"elementor-button-content-wrapper\">\n\t\t\t\t\t\t\t\t\t<span class=\"elementor-button-text\">T\u00e9l\u00e9charger<\/span>\n\t\t\t\t\t<\/span>\n\t\t\t\t\t<\/a>\n\t\t\t\t<\/div>\n\t\t\t\t\t\t\t\t<\/div>\n\t\t\t\t<\/div>\n\t\t\t\t<\/div>\n\t\t\t\t\t<\/div>\n\t\t\t\t<\/div>\n\t\t\t\t<\/div>\n\t\t","protected":false},"excerpt":{"rendered":"<p>Notre syst\u00e8me de gestion de la sant\u00e9 et de la s\u00e9curit\u00e9 au travail est certifi\u00e9 DIN ISO 45001. T\u00e9l\u00e9charger Notre syst\u00e8me de gestion de la qualit\u00e9 est certifi\u00e9 DIN ISO 9001. T\u00e9l\u00e9charger Nous sommes certifi\u00e9s Mercedes-Benz VanPartner T\u00e9l\u00e9charger Nous sommes une entreprise de soudage certifi\u00e9e selon la norme DIN EN ISO 3834-2. T\u00e9l\u00e9charger<\/p>\n","protected":false},"author":2,"featured_media":0,"parent":0,"menu_order":0,"comment_status":"closed","ping_status":"closed","template":"","meta":{"_acf_changed":false,"footnotes":""},"class_list":["post-3486","page","type-page","status-publish","hentry"],"acf":[],"_links":{"self":[{"href":"https:\/\/ruthmann.de\/fr\/wp-json\/wp\/v2\/pages\/3486","targetHints":{"allow":["GET"]}}],"collection":[{"href":"https:\/\/ruthmann.de\/fr\/wp-json\/wp\/v2\/pages"}],"about":[{"href":"https:\/\/ruthmann.de\/fr\/wp-json\/wp\/v2\/types\/page"}],"author":[{"embeddable":true,"href":"https:\/\/ruthmann.de\/fr\/wp-json\/wp\/v2\/users\/2"}],"replies":[{"embeddable":true,"href":"https:\/\/ruthmann.de\/fr\/wp-json\/wp\/v2\/comments?post=3486"}],"version-history":[{"count":2,"href":"https:\/\/ruthmann.de\/fr\/wp-json\/wp\/v2\/pages\/3486\/revisions"}],"predecessor-version":[{"id":3490,"href":"https:\/\/ruthmann.de\/fr\/wp-json\/wp\/v2\/pages\/3486\/revisions\/3490"}],"wp:attachment":[{"href":"https:\/\/ruthmann.de\/fr\/wp-json\/wp\/v2\/media?parent=3486"}],"curies":[{"name":"wp","href":"https:\/\/api.w.org\/{rel}","templated":true}]}}